{"id":148,"date":"2016-03-17T13:36:43","date_gmt":"2016-03-17T13:36:43","guid":{"rendered":"http:\/\/wp.karzo.sk\/?page_id=148"},"modified":"2017-03-15T16:20:36","modified_gmt":"2017-03-15T16:20:36","slug":"novinky","status":"publish","type":"page","link":"https:\/\/www.karzo.sk\/?page_id=148","title":{"rendered":"NOVINKY"},"content":{"rendered":"\n\t\t\t<!-- START novinky REVOLUTION SLIDER 6.5.17 --><p class=\"rs-p-wp-fix\"><\/p>\n\t\t\t<rs-module-wrap id=\"rev_slider_23_1_wrapper\" data-source=\"gallery\" style=\"visibility:hidden;background:transparent;padding:0;margin:0px auto;margin-top:0;margin-bottom:0;\">\n\t\t\t\t<rs-module id=\"rev_slider_23_1\" style=\"\" data-version=\"6.5.17\">\n\t\t\t\t\t<rs-slides>\n\t\t\t\t\t\t<rs-slide style=\"position: absolute;\" data-key=\"rs-231\" data-title=\"hrabadlo Alu 70_1\" data-thumb=\"\/\/www.karzo.sk\/wp-content\/uploads\/2019\/02\/hrabadlo-ALU70.1-100x50.jpg\" data-anim=\"ms:600;\" data-in=\"o:0;\" data-out=\"a:false;\">\n\t\t\t\t\t\t\t<img decoding=\"async\" src=\"\/\/www.karzo.sk\/wp-content\/plugins\/revslider\/public\/assets\/assets\/dummy.png\" alt=\"\" title=\"NOVINKY\" class=\"rev-slidebg tp-rs-img rs-lazyload\" data-lazyload=\"\/\/www.karzo.sk\/wp-content\/uploads\/2019\/02\/hrabadlo-ALU70.1.jpg\" data-no-retina>\n<!--\n\t\t\t\t\t\t\t--><rs-layer\n\t\t\t\t\t\t\t\tid=\"slider-23-slide-231-layer-1\" \n\t\t\t\t\t\t\t\tdata-type=\"text\"\n\t\t\t\t\t\t\t\tdata-color=\"#ffffff\"\n\t\t\t\t\t\t\t\tdata-rsp_ch=\"on\"\n\t\t\t\t\t\t\t\tdata-xy=\"x:563px;y:18px;\"\n\t\t\t\t\t\t\t\tdata-text=\"l:22;a:inherit;\"\n\t\t\t\t\t\t\t\tdata-dim=\"w:657px;h:179px;\"\n\t\t\t\t\t\t\t\tdata-frame_0=\"tp:600;\"\n\t\t\t\t\t\t\t\tdata-frame_1=\"tp:600;st:0;\"\n\t\t\t\t\t\t\t\tdata-frame_999=\"o:0;tp:600;st:w;sR:4200;\"\n\t\t\t\t\t\t\t\tstyle=\"z-index:5;background-color:#000000;font-family:'Open Sans';\"\n\t\t\t\t\t\t\t>Hrabadlo ALU 70 obojstrann\u00e9, hlin\u00edkov\u00e9 s nerezovou ozubenou, resp. <br>nerezovou hladkou li\u0161tou. Od\u013eah\u010den\u00fd v\u00fdrobok na v\u0161estrann\u00e9 pou\u017eitie:<br> pri jarnej \u00fadr\u017ebe, vyhrab\u00e1van\u00ed ne\u010dist\u00f4t z plochy, na skyprenie<br> stvrdnutej antuky, resp. na be\u017en\u00fa \u00fapravu plochy po hran\u00ed na dvorci.<br> Pracovn\u00e1 \u0161\u00edrka je 70 cm, r\u00fa\u010dka je hlin\u00edkov\u00e1 s povrchovou \u00fapravou<br>  komaxit. Obe li\u0161ty s\u00fa vymenite\u013en\u00e9. Hmotnos\u0165 v\u00fdrobku je 1,6 kg. <br><br> \nCena v\u00fdrobku: 52,- a n\u00e1hradnej li\u0161ty: 10,-  (bez DPH)\n \n\t\t\t\t\t\t\t<\/rs-layer><!--\n-->\t\t\t\t\t\t<\/rs-slide>\n\t\t\t\t\t\t<rs-slide style=\"position: absolute;\" data-key=\"rs-232\" data-title=\"hrabadlo Alu 70_2\" data-thumb=\"\/\/www.karzo.sk\/wp-content\/uploads\/2019\/02\/hrabadlo-ALU70_2-100x50.jpg\" data-anim=\"ms:600;\" data-in=\"o:0;\" data-out=\"a:false;\">\n\t\t\t\t\t\t\t<img decoding=\"async\" src=\"\/\/www.karzo.sk\/wp-content\/plugins\/revslider\/public\/assets\/assets\/dummy.png\" alt=\"\" title=\"NOVINKY\" class=\"rev-slidebg tp-rs-img rs-lazyload\" data-lazyload=\"\/\/www.karzo.sk\/wp-content\/uploads\/2019\/02\/hrabadlo-ALU70_2.jpg\" data-no-retina>\n<!--\n\t\t\t\t\t\t\t--><rs-layer\n\t\t\t\t\t\t\t\tid=\"slider-23-slide-232-layer-1\" \n\t\t\t\t\t\t\t\tdata-type=\"text\"\n\t\t\t\t\t\t\t\tdata-color=\"#ffffff\"\n\t\t\t\t\t\t\t\tdata-rsp_ch=\"on\"\n\t\t\t\t\t\t\t\tdata-xy=\"x:562px;y:18px;\"\n\t\t\t\t\t\t\t\tdata-text=\"l:22;a:inherit;\"\n\t\t\t\t\t\t\t\tdata-dim=\"w:658px;h:179px;\"\n\t\t\t\t\t\t\t\tdata-frame_0=\"tp:600;\"\n\t\t\t\t\t\t\t\tdata-frame_1=\"tp:600;st:0;\"\n\t\t\t\t\t\t\t\tdata-frame_999=\"o:0;tp:600;st:w;sR:4200;\"\n\t\t\t\t\t\t\t\tstyle=\"z-index:5;background-color:#000000;font-family:'Open Sans';\"\n\t\t\t\t\t\t\t>Hrabadlo ALU 70 obojstrann\u00e9, hlin\u00edkov\u00e9 s nerezovou ozubenou, resp. <br>nerezovou hladkou li\u0161tou. Od\u013eah\u010den\u00fd v\u00fdrobok na v\u0161estrann\u00e9 pou\u017eitie:<br> pri jarnej \u00fadr\u017ebe, vyhrab\u00e1van\u00ed ne\u010dist\u00f4t z plochy, na skyprenie<br> stvrdnutej antuky, resp. na be\u017en\u00fa \u00fapravu plochy po hran\u00ed na dvorci.<br> Pracovn\u00e1 \u0161\u00edrka je 70 cm, r\u00fa\u010dka je hlin\u00edkov\u00e1 s povrchovou \u00fapravou<br>  komaxit. Obe li\u0161ty s\u00fa vymenite\u013en\u00e9. Hmotnos\u0165 v\u00fdrobku je 1,6 kg. <br><br> \nCena v\u00fdrobku: 52,- a n\u00e1hradnej li\u0161ty: 10,-  (bez DPH)\n \n\t\t\t\t\t\t\t<\/rs-layer><!--\n-->\t\t\t\t\t\t<\/rs-slide>\n\t\t\t\t\t\t<rs-slide style=\"position: absolute;\" data-key=\"rs-233\" data-title=\"hrabadlo Alu 70_det.1\" data-thumb=\"\/\/www.karzo.sk\/wp-content\/uploads\/2019\/02\/hrabadlo-ALU70_det.1-100x50.jpg\" data-anim=\"ms:600;\" data-in=\"o:0;\" data-out=\"a:false;\">\n\t\t\t\t\t\t\t<img decoding=\"async\" src=\"\/\/www.karzo.sk\/wp-content\/plugins\/revslider\/public\/assets\/assets\/dummy.png\" alt=\"\" title=\"NOVINKY\" class=\"rev-slidebg tp-rs-img rs-lazyload\" data-lazyload=\"\/\/www.karzo.sk\/wp-content\/uploads\/2019\/02\/hrabadlo-ALU70_det.1.jpg\" data-no-retina>\n<!--\n\t\t\t\t\t\t\t--><rs-layer\n\t\t\t\t\t\t\t\tid=\"slider-23-slide-233-layer-1\" \n\t\t\t\t\t\t\t\tdata-type=\"text\"\n\t\t\t\t\t\t\t\tdata-color=\"#ffffff\"\n\t\t\t\t\t\t\t\tdata-rsp_ch=\"on\"\n\t\t\t\t\t\t\t\tdata-xy=\"x:558px;y:676px;\"\n\t\t\t\t\t\t\t\tdata-text=\"l:22;a:inherit;\"\n\t\t\t\t\t\t\t\tdata-dim=\"w:659px;h:179px;\"\n\t\t\t\t\t\t\t\tdata-frame_0=\"tp:600;\"\n\t\t\t\t\t\t\t\tdata-frame_1=\"tp:600;st:0;\"\n\t\t\t\t\t\t\t\tdata-frame_999=\"o:0;tp:600;st:w;sR:4200;\"\n\t\t\t\t\t\t\t\tstyle=\"z-index:5;background-color:#000000;font-family:'Open Sans';\"\n\t\t\t\t\t\t\t>Hrabadlo ALU 70 obojstrann\u00e9, hlin\u00edkov\u00e9 s nerezovou ozubenou, resp. <br>nerezovou hladkou li\u0161tou. Od\u013eah\u010den\u00fd v\u00fdrobok na v\u0161estrann\u00e9 pou\u017eitie:<br> pri jarnej \u00fadr\u017ebe, vyhrab\u00e1van\u00ed ne\u010dist\u00f4t z plochy, na skyprenie<br> stvrdnutej antuky, resp. na be\u017en\u00fa \u00fapravu plochy po hran\u00ed na dvorci.<br> Pracovn\u00e1 \u0161\u00edrka je 70 cm, r\u00fa\u010dka je hlin\u00edkov\u00e1 s povrchovou \u00fapravou<br>  komaxit. Obe li\u0161ty s\u00fa vymenite\u013en\u00e9. Hmotnos\u0165 v\u00fdrobku je 1,6 kg. <br><br> \nCena v\u00fdrobku: 52,- a n\u00e1hradnej li\u0161ty: 10,-  (bez DPH)\n \n\t\t\t\t\t\t\t<\/rs-layer><!--\n-->\t\t\t\t\t\t<\/rs-slide>\n\t\t\t\t\t\t<rs-slide style=\"position: absolute;\" data-key=\"rs-234\" data-title=\"hrabadlo Alu 70_det.2\" data-thumb=\"\/\/www.karzo.sk\/wp-content\/uploads\/2019\/02\/hrabadlo-ALU70_det.2-100x50.jpg\" data-anim=\"ms:600;\" data-in=\"o:0;\" data-out=\"a:false;\">\n\t\t\t\t\t\t\t<img decoding=\"async\" src=\"\/\/www.karzo.sk\/wp-content\/plugins\/revslider\/public\/assets\/assets\/dummy.png\" alt=\"\" title=\"NOVINKY\" class=\"rev-slidebg tp-rs-img rs-lazyload\" data-lazyload=\"\/\/www.karzo.sk\/wp-content\/uploads\/2019\/02\/hrabadlo-ALU70_det.2.jpg\" data-no-retina>\n<!--\n\t\t\t\t\t\t\t--><rs-layer\n\t\t\t\t\t\t\t\tid=\"slider-23-slide-234-layer-1\" \n\t\t\t\t\t\t\t\tdata-type=\"text\"\n\t\t\t\t\t\t\t\tdata-color=\"#ffffff\"\n\t\t\t\t\t\t\t\tdata-rsp_ch=\"on\"\n\t\t\t\t\t\t\t\tdata-xy=\"x:558px;y:17px;\"\n\t\t\t\t\t\t\t\tdata-text=\"l:22;a:inherit;\"\n\t\t\t\t\t\t\t\tdata-dim=\"w:659px;h:179px;\"\n\t\t\t\t\t\t\t\tdata-frame_0=\"tp:600;\"\n\t\t\t\t\t\t\t\tdata-frame_1=\"tp:600;st:0;\"\n\t\t\t\t\t\t\t\tdata-frame_999=\"o:0;tp:600;st:w;sR:4200;\"\n\t\t\t\t\t\t\t\tstyle=\"z-index:5;background-color:#000000;font-family:'Open Sans';\"\n\t\t\t\t\t\t\t>Hrabadlo ALU 70 obojstrann\u00e9, hlin\u00edkov\u00e9 s nerezovou ozubenou, resp. <br>nerezovou hladkou li\u0161tou. Od\u013eah\u010den\u00fd v\u00fdrobok na v\u0161estrann\u00e9 pou\u017eitie:<br> pri jarnej \u00fadr\u017ebe, vyhrab\u00e1van\u00ed ne\u010dist\u00f4t z plochy, na skyprenie<br> stvrdnutej antuky, resp. na be\u017en\u00fa \u00fapravu plochy po hran\u00ed na dvorci.<br> Pracovn\u00e1 \u0161\u00edrka je 70 cm, r\u00fa\u010dka je hlin\u00edkov\u00e1 s povrchovou \u00fapravou<br>  komaxit. Obe li\u0161ty s\u00fa vymenite\u013en\u00e9. Hmotnos\u0165 v\u00fdrobku je 1,6 kg. <br><br> \nCena v\u00fdrobku: 52,- a n\u00e1hradnej li\u0161ty: 10,-  (bez DPH)\n \n\t\t\t\t\t\t\t<\/rs-layer><!--\n-->\t\t\t\t\t\t<\/rs-slide>\n\t\t\t\t\t\t<rs-slide style=\"position: absolute;\" data-key=\"rs-235\" data-title=\"hrabadlo Alu G80_1\" data-thumb=\"\/\/www.karzo.sk\/wp-content\/uploads\/2019\/02\/hrabadlo-G80_2-100x50.jpg\" data-anim=\"ms:600;\" data-in=\"o:0;\" data-out=\"a:false;\">\n\t\t\t\t\t\t\t<img decoding=\"async\" src=\"\/\/www.karzo.sk\/wp-content\/plugins\/revslider\/public\/assets\/assets\/dummy.png\" alt=\"\" title=\"NOVINKY\" class=\"rev-slidebg tp-rs-img rs-lazyload\" data-lazyload=\"\/\/www.karzo.sk\/wp-content\/uploads\/2019\/02\/hrabadlo-G80_2.jpg\" data-no-retina>\n<!--\n\t\t\t\t\t\t\t--><rs-layer\n\t\t\t\t\t\t\t\tid=\"slider-23-slide-235-layer-1\" \n\t\t\t\t\t\t\t\tdata-type=\"text\"\n\t\t\t\t\t\t\t\tdata-color=\"#ffffff\"\n\t\t\t\t\t\t\t\tdata-rsp_ch=\"on\"\n\t\t\t\t\t\t\t\tdata-xy=\"x:30px;y:19px;\"\n\t\t\t\t\t\t\t\tdata-text=\"l:22;a:inherit;\"\n\t\t\t\t\t\t\t\tdata-dim=\"w:658px;h:155px;\"\n\t\t\t\t\t\t\t\tdata-frame_0=\"tp:600;\"\n\t\t\t\t\t\t\t\tdata-frame_1=\"tp:600;st:0;\"\n\t\t\t\t\t\t\t\tdata-frame_999=\"o:0;tp:600;st:w;sR:4200;\"\n\t\t\t\t\t\t\t\tstyle=\"z-index:5;background-color:#000000;font-family:'Open Sans';\"\n\t\t\t\t\t\t\t>Hrabadlo ALU G80 s gumenou li\u0161tou 80x6x1 cm v hlin\u00edkovom r\u00e1me,<br> hlin\u00edkov\u00e1 r\u00fa\u010dka komaxitovan\u00e1, pracovn\u00e1 \u0161\u00edrka je 80 cm. Je vhodn\u00e1 na<br> be\u017en\u00fa  \u00fapravu plochy po hran\u00ed, pri jarnej \u00fadr\u017ebe, pr\u00edpadne aj pri <br>odv\u00e1dzan\u00ed vody z antukov\u00fdch dvorcov, resp. tvrd\u00fdch pl\u00f4ch, chodn\u00edkov<br> apod. Gumen\u00e1 li\u0161ta je vymenite\u013en\u00e1. Hmotnos\u0165 v\u00fdrobku je 2,3 kg.<br><br>\nCena v\u00fdrobku: 45,-  a n\u00e1hradnej gumovej li\u0161ty: 12,- (bez DPH)\n\n \n\t\t\t\t\t\t\t<\/rs-layer><!--\n-->\t\t\t\t\t\t<\/rs-slide>\n\t\t\t\t\t\t<rs-slide style=\"position: absolute;\" data-key=\"rs-236\" data-title=\"hrabadlo Alu G80_2\" data-thumb=\"\/\/www.karzo.sk\/wp-content\/uploads\/2019\/02\/hrabadloG80_1-100x50.jpg\" data-anim=\"ms:600;\" data-in=\"o:0;\" data-out=\"a:false;\">\n\t\t\t\t\t\t\t<img decoding=\"async\" src=\"\/\/www.karzo.sk\/wp-content\/plugins\/revslider\/public\/assets\/assets\/dummy.png\" alt=\"\" title=\"NOVINKY\" class=\"rev-slidebg tp-rs-img rs-lazyload\" data-lazyload=\"\/\/www.karzo.sk\/wp-content\/uploads\/2019\/02\/hrabadloG80_1.jpg\" data-no-retina>\n<!--\n\t\t\t\t\t\t\t--><rs-layer\n\t\t\t\t\t\t\t\tid=\"slider-23-slide-236-layer-1\" \n\t\t\t\t\t\t\t\tdata-type=\"text\"\n\t\t\t\t\t\t\t\tdata-color=\"#ffffff\"\n\t\t\t\t\t\t\t\tdata-rsp_ch=\"on\"\n\t\t\t\t\t\t\t\tdata-xy=\"x:27px;y:695px;\"\n\t\t\t\t\t\t\t\tdata-text=\"l:22;a:inherit;\"\n\t\t\t\t\t\t\t\tdata-dim=\"w:660px;h:155px;\"\n\t\t\t\t\t\t\t\tdata-frame_0=\"tp:600;\"\n\t\t\t\t\t\t\t\tdata-frame_1=\"tp:600;st:0;\"\n\t\t\t\t\t\t\t\tdata-frame_999=\"o:0;tp:600;st:w;sR:4200;\"\n\t\t\t\t\t\t\t\tstyle=\"z-index:5;background-color:#000000;font-family:'Open Sans';\"\n\t\t\t\t\t\t\t>Hrabadlo ALU G80 s gumenou li\u0161tou 80x6x1 cm v hlin\u00edkovom r\u00e1me,<br> hlin\u00edkov\u00e1 r\u00fa\u010dka komaxitovan\u00e1, pracovn\u00e1 \u0161\u00edrka je 80 cm. Je vhodn\u00e1 na<br> be\u017en\u00fa  \u00fapravu plochy po hran\u00ed, pri jarnej \u00fadr\u017ebe, pr\u00edpadne aj pri <br>odv\u00e1dzan\u00ed vody z antukov\u00fdch dvorcov, resp. tvrd\u00fdch pl\u00f4ch, chodn\u00edkov<br> apod. Gumen\u00e1 li\u0161ta je vymenite\u013en\u00e1. Hmotnos\u0165 v\u00fdrobku je 2,3 kg.<br><br>\nCena v\u00fdrobku: 45,-  a n\u00e1hradnej gumovej li\u0161ty: 12,- (bez DPH)\n\n \n\t\t\t\t\t\t\t<\/rs-layer><!--\n-->\t\t\t\t\t\t<\/rs-slide>\n\t\t\t\t\t\t<rs-slide style=\"position: absolute;\" data-key=\"rs-237\" data-title=\"hrabadlo Alu G80_det.1\" data-thumb=\"\/\/www.karzo.sk\/wp-content\/uploads\/2019\/02\/hrabadloG80_det.1-100x50.jpg\" data-anim=\"ms:600;\" data-in=\"o:0;\" data-out=\"a:false;\">\n\t\t\t\t\t\t\t<img decoding=\"async\" src=\"\/\/www.karzo.sk\/wp-content\/plugins\/revslider\/public\/assets\/assets\/dummy.png\" alt=\"\" title=\"NOVINKY\" class=\"rev-slidebg tp-rs-img rs-lazyload\" data-lazyload=\"\/\/www.karzo.sk\/wp-content\/uploads\/2019\/02\/hrabadloG80_det.1.jpg\" data-no-retina>\n<!--\n\t\t\t\t\t\t\t--><rs-layer\n\t\t\t\t\t\t\t\tid=\"slider-23-slide-237-layer-1\" \n\t\t\t\t\t\t\t\tdata-type=\"text\"\n\t\t\t\t\t\t\t\tdata-color=\"#ffffff\"\n\t\t\t\t\t\t\t\tdata-rsp_ch=\"on\"\n\t\t\t\t\t\t\t\tdata-xy=\"x:553px;y:694px;\"\n\t\t\t\t\t\t\t\tdata-text=\"l:22;a:inherit;\"\n\t\t\t\t\t\t\t\tdata-dim=\"w:657px;h:155px;\"\n\t\t\t\t\t\t\t\tdata-frame_0=\"tp:600;\"\n\t\t\t\t\t\t\t\tdata-frame_1=\"tp:600;st:0;\"\n\t\t\t\t\t\t\t\tdata-frame_999=\"o:0;tp:600;st:w;sR:4200;\"\n\t\t\t\t\t\t\t\tstyle=\"z-index:5;background-color:#000000;font-family:'Open Sans';\"\n\t\t\t\t\t\t\t>Hrabadlo ALU G80 s gumenou li\u0161tou 80x6x1 cm v hlin\u00edkovom r\u00e1me,<br> hlin\u00edkov\u00e1 r\u00fa\u010dka komaxitovan\u00e1, pracovn\u00e1 \u0161\u00edrka je 80 cm. Je vhodn\u00e1 na<br> be\u017en\u00fa  \u00fapravu plochy po hran\u00ed, pri jarnej \u00fadr\u017ebe, pr\u00edpadne aj pri <br>odv\u00e1dzan\u00ed vody z antukov\u00fdch dvorcov, resp. tvrd\u00fdch pl\u00f4ch, chodn\u00edkov<br> apod. Gumen\u00e1 li\u0161ta je vymenite\u013en\u00e1. Hmotnos\u0165 v\u00fdrobku je 2,3 kg.<br><br>\nCena v\u00fdrobku: 45,-  a n\u00e1hradnej gumovej li\u0161ty: 12,- (bez DPH)\n\n \n\t\t\t\t\t\t\t<\/rs-layer><!--\n-->\t\t\t\t\t\t<\/rs-slide>\n\t\t\t\t\t\t<rs-slide style=\"position: absolute;\" data-key=\"rs-238\" data-title=\"sietovacka ALU L70\" data-thumb=\"\/\/www.karzo.sk\/wp-content\/uploads\/2019\/02\/siet.ALU-L70-100x50.jpg\" data-anim=\"ms:600;\" data-in=\"o:0;\" data-out=\"a:false;\">\n\t\t\t\t\t\t\t<img decoding=\"async\" src=\"\/\/www.karzo.sk\/wp-content\/plugins\/revslider\/public\/assets\/assets\/dummy.png\" alt=\"\" title=\"NOVINKY\" class=\"rev-slidebg tp-rs-img rs-lazyload\" data-lazyload=\"\/\/www.karzo.sk\/wp-content\/uploads\/2019\/02\/siet.ALU-L70.jpg\" data-no-retina>\n<!--\n\t\t\t\t\t\t\t--><rs-layer\n\t\t\t\t\t\t\t\tid=\"slider-23-slide-238-layer-1\" \n\t\t\t\t\t\t\t\tdata-type=\"text\"\n\t\t\t\t\t\t\t\tdata-color=\"#ffffff\"\n\t\t\t\t\t\t\t\tdata-rsp_ch=\"on\"\n\t\t\t\t\t\t\t\tdata-xy=\"x:627px;y:719px;\"\n\t\t\t\t\t\t\t\tdata-text=\"l:22;a:inherit;\"\n\t\t\t\t\t\t\t\tdata-dim=\"w:593px;h:133px;\"\n\t\t\t\t\t\t\t\tdata-frame_0=\"tp:600;\"\n\t\t\t\t\t\t\t\tdata-frame_1=\"tp:600;st:0;\"\n\t\t\t\t\t\t\t\tdata-frame_999=\"o:0;tp:600;st:w;sR:4200;\"\n\t\t\t\t\t\t\t\tstyle=\"z-index:5;background-color:#000000;font-family:'Open Sans';\"\n\t\t\t\t\t\t\t>Sie\u0165ova\u010dka ALU L70 na \u00fapravu antukov\u00fdch a pieskov\u00fdch ihr\u00edsk,<br> hlin\u00edkov\u00e1 kon\u0161trukcia (L profil), r\u00fa\u010dka hlin\u00edkov\u00e1 komaxitovan\u00e1,<br> sie\u0165ovina EXTRA 200x70 cm, pracovn\u00e1 \u0161\u00edrka 200 cm, od\u013eah\u010den\u00fd<br> v\u00fdrobok. R\u00fa\u010dka tvor\u00ed uhol 35 stup\u0148ov s plochou ihriska.<br><br>\nCena v\u00fdrobku: 77,-  a n\u00e1hradnej sie\u0165oviny: 30,- (bez DPH)\n \n\t\t\t\t\t\t\t<\/rs-layer><!--\n-->\t\t\t\t\t\t<\/rs-slide>\n\t\t\t\t\t\t<rs-slide style=\"position: absolute;\" data-key=\"rs-239\" data-title=\"sietovacka ALU L70_det.1\" data-thumb=\"\/\/www.karzo.sk\/wp-content\/uploads\/2019\/02\/siet.ALU-L70_det1-100x50.jpg\" data-anim=\"ms:600;\" data-in=\"o:0;\" data-out=\"a:false;\">\n\t\t\t\t\t\t\t<img decoding=\"async\" src=\"\/\/www.karzo.sk\/wp-content\/plugins\/revslider\/public\/assets\/assets\/dummy.png\" alt=\"\" title=\"NOVINKY\" class=\"rev-slidebg tp-rs-img rs-lazyload\" data-lazyload=\"\/\/www.karzo.sk\/wp-content\/uploads\/2019\/02\/siet.ALU-L70_det1.jpg\" data-no-retina>\n<!--\n\t\t\t\t\t\t\t--><rs-layer\n\t\t\t\t\t\t\t\tid=\"slider-23-slide-239-layer-1\" \n\t\t\t\t\t\t\t\tdata-type=\"text\"\n\t\t\t\t\t\t\t\tdata-color=\"#ffffff\"\n\t\t\t\t\t\t\t\tdata-rsp_ch=\"on\"\n\t\t\t\t\t\t\t\tdata-xy=\"x:19px;y:69px;\"\n\t\t\t\t\t\t\t\tdata-text=\"l:22;a:inherit;\"\n\t\t\t\t\t\t\t\tdata-dim=\"w:595px;h:134px;\"\n\t\t\t\t\t\t\t\tdata-frame_0=\"tp:600;\"\n\t\t\t\t\t\t\t\tdata-frame_1=\"tp:600;st:0;\"\n\t\t\t\t\t\t\t\tdata-frame_999=\"o:0;tp:600;st:w;sR:4200;\"\n\t\t\t\t\t\t\t\tstyle=\"z-index:5;background-color:#000000;font-family:'Open Sans';\"\n\t\t\t\t\t\t\t>Sie\u0165ova\u010dka ALU L70 na \u00fapravu antukov\u00fdch a pieskov\u00fdch ihr\u00edsk,<br> hlin\u00edkov\u00e1 kon\u0161trukcia (L profil), r\u00fa\u010dka hlin\u00edkov\u00e1 komaxitovan\u00e1,<br> sie\u0165ovina EXTRA 200x70 cm, pracovn\u00e1 \u0161\u00edrka 200 cm, od\u013eah\u010den\u00fd<br> v\u00fdrobok. R\u00fa\u010dka tvor\u00ed uhol 35 stup\u0148ov s plochou ihriska.<br><br>\nCena v\u00fdrobku: 77,-  a n\u00e1hradnej sie\u0165oviny: 30,- (bez DPH)\n \n\t\t\t\t\t\t\t<\/rs-layer><!--\n-->\t\t\t\t\t\t<\/rs-slide>\n\t\t\t\t\t\t<rs-slide style=\"position: absolute;\" data-key=\"rs-240\" data-title=\"sietovacka ALU L70_det.2\" data-thumb=\"\/\/www.karzo.sk\/wp-content\/uploads\/2019\/02\/siet.ALU-L70_det2-100x50.jpg\" data-anim=\"ms:600;\" data-in=\"o:0;\" data-out=\"a:false;\">\n\t\t\t\t\t\t\t<img decoding=\"async\" src=\"\/\/www.karzo.sk\/wp-content\/plugins\/revslider\/public\/assets\/assets\/dummy.png\" alt=\"\" title=\"NOVINKY\" class=\"rev-slidebg tp-rs-img rs-lazyload\" data-lazyload=\"\/\/www.karzo.sk\/wp-content\/uploads\/2019\/02\/siet.ALU-L70_det2.jpg\" data-no-retina>\n<!--\n\t\t\t\t\t\t\t--><rs-layer\n\t\t\t\t\t\t\t\tid=\"slider-23-slide-240-layer-1\" \n\t\t\t\t\t\t\t\tdata-type=\"text\"\n\t\t\t\t\t\t\t\tdata-color=\"#ffffff\"\n\t\t\t\t\t\t\t\tdata-rsp_ch=\"on\"\n\t\t\t\t\t\t\t\tdata-xy=\"x:626px;y:21px;\"\n\t\t\t\t\t\t\t\tdata-text=\"l:22;a:inherit;\"\n\t\t\t\t\t\t\t\tdata-dim=\"w:591px;h:133px;\"\n\t\t\t\t\t\t\t\tdata-frame_0=\"tp:600;\"\n\t\t\t\t\t\t\t\tdata-frame_1=\"tp:600;st:0;\"\n\t\t\t\t\t\t\t\tdata-frame_999=\"o:0;tp:600;st:w;sR:4200;\"\n\t\t\t\t\t\t\t\tstyle=\"z-index:5;background-color:#000000;font-family:'Open Sans';\"\n\t\t\t\t\t\t\t>Sie\u0165ova\u010dka ALU L70 na \u00fapravu antukov\u00fdch a pieskov\u00fdch ihr\u00edsk,<br> hlin\u00edkov\u00e1 kon\u0161trukcia (L profil), r\u00fa\u010dka hlin\u00edkov\u00e1 komaxitovan\u00e1,<br> sie\u0165ovina EXTRA 200x70 cm, pracovn\u00e1 \u0161\u00edrka 200 cm, od\u013eah\u010den\u00fd<br> v\u00fdrobok. R\u00fa\u010dka tvor\u00ed uhol 35 stup\u0148ov s plochou ihriska.<br><br>\nCena v\u00fdrobku: 77,-  a n\u00e1hradnej sie\u0165oviny: 30,- (bez DPH)\n \n\t\t\t\t\t\t\t<\/rs-layer><!--\n-->\t\t\t\t\t\t<\/rs-slide>\n\t\t\t\t\t\t<rs-slide style=\"position: absolute;\" data-key=\"rs-241\" data-title=\"Skrabka S70\" data-thumb=\"\/\/www.karzo.sk\/wp-content\/uploads\/2019\/02\/skrabka-ALU-70-100x50.jpg\" data-anim=\"ms:600;\" data-in=\"o:0;\" data-out=\"a:false;\">\n\t\t\t\t\t\t\t<img decoding=\"async\" src=\"\/\/www.karzo.sk\/wp-content\/plugins\/revslider\/public\/assets\/assets\/dummy.png\" alt=\"\" title=\"NOVINKY\" class=\"rev-slidebg tp-rs-img rs-lazyload\" data-lazyload=\"\/\/www.karzo.sk\/wp-content\/uploads\/2019\/02\/skrabka-ALU-70.jpg\" data-no-retina>\n<!--\n\t\t\t\t\t\t\t--><rs-layer\n\t\t\t\t\t\t\t\tid=\"slider-23-slide-241-layer-1\" \n\t\t\t\t\t\t\t\tdata-type=\"text\"\n\t\t\t\t\t\t\t\tdata-color=\"#ffffff\"\n\t\t\t\t\t\t\t\tdata-rsp_ch=\"on\"\n\t\t\t\t\t\t\t\tdata-xy=\"x:575px;y:601px;\"\n\t\t\t\t\t\t\t\tdata-text=\"l:22;a:inherit;\"\n\t\t\t\t\t\t\t\tdata-dim=\"w:640px;\"\n\t\t\t\t\t\t\t\tdata-frame_0=\"tp:600;\"\n\t\t\t\t\t\t\t\tdata-frame_1=\"tp:600;st:0;\"\n\t\t\t\t\t\t\t\tdata-frame_999=\"o:0;tp:600;st:w;sR:4200;\"\n\t\t\t\t\t\t\t\tstyle=\"z-index:5;background-color:#000000;font-family:'Open Sans';\"\n\t\t\t\t\t\t\t>\u0160krabka S70 od\u013eah\u010den\u00e1, hlin\u00edkov\u00e1, na antukov\u00e9 a pieskov\u00e9 ihrisk\u00e1, <br>pre jarn\u00fa i be\u017en\u00fa \u00fadr\u017ebu, s nerezovou ozubenou li\u0161tou, d\u013a\u017eka 70cm,<br> hlin\u00edkov\u00e1 komaxitov\u00e1 r\u00fa\u010dka s gripom.<br><br>\n\nCena v\u00fdrobku: 34,- (bez DPH) \n\t\t\t\t\t\t\t<\/rs-layer><!--\n-->\t\t\t\t\t\t<\/rs-slide>\n\t\t\t\t\t\t<rs-slide style=\"position: absolute;\" data-key=\"rs-242\" data-title=\"Skrabka S70 detail\" data-thumb=\"\/\/www.karzo.sk\/wp-content\/uploads\/2019\/02\/skrabka-ALU70_det.-100x50.jpg\" data-anim=\"ms:600;\" data-in=\"o:0;\" data-out=\"a:false;\">\n\t\t\t\t\t\t\t<img decoding=\"async\" src=\"\/\/www.karzo.sk\/wp-content\/plugins\/revslider\/public\/assets\/assets\/dummy.png\" alt=\"\" title=\"NOVINKY\" class=\"rev-slidebg tp-rs-img rs-lazyload\" data-lazyload=\"\/\/www.karzo.sk\/wp-content\/uploads\/2019\/02\/skrabka-ALU70_det..jpg\" data-no-retina>\n<!--\n\t\t\t\t\t\t\t--><rs-layer\n\t\t\t\t\t\t\t\tid=\"slider-23-slide-242-layer-1\" \n\t\t\t\t\t\t\t\tdata-type=\"text\"\n\t\t\t\t\t\t\t\tdata-color=\"#ffffff\"\n\t\t\t\t\t\t\t\tdata-rsp_ch=\"on\"\n\t\t\t\t\t\t\t\tdata-xy=\"x:47px;y:723px;\"\n\t\t\t\t\t\t\t\tdata-text=\"l:22;a:inherit;\"\n\t\t\t\t\t\t\t\tdata-dim=\"w:640px;\"\n\t\t\t\t\t\t\t\tdata-frame_0=\"tp:600;\"\n\t\t\t\t\t\t\t\tdata-frame_1=\"tp:600;st:0;\"\n\t\t\t\t\t\t\t\tdata-frame_999=\"o:0;tp:600;st:w;sR:4200;\"\n\t\t\t\t\t\t\t\tstyle=\"z-index:5;background-color:#000000;font-family:'Open Sans';\"\n\t\t\t\t\t\t\t>\u0160krabka S70 od\u013eah\u010den\u00e1, hlin\u00edkov\u00e1, na antukov\u00e9 a pieskov\u00e9 ihrisk\u00e1, <br>pre jarn\u00fa i be\u017en\u00fa \u00fadr\u017ebu, s nerezovou ozubenou li\u0161tou, d\u013a\u017eka 70cm,<br> hlin\u00edkov\u00e1 komaxitov\u00e1 r\u00fa\u010dka s gripom.<br><br>\n\nCena v\u00fdrobku: 34,- (bez DPH) \n\t\t\t\t\t\t\t<\/rs-layer><!--\n-->\t\t\t\t\t\t<\/rs-slide>\n\t\t\t\t\t<\/rs-slides>\n\t\t\t\t<\/rs-module>\n\t\t\t\t<script>\n\t\t\t\t\tsetREVStartSize({c: 'rev_slider_23_1',rl:[1240,1024,778,480],el:[],gw:[1240],gh:[868],type:'standard',justify:'',layout:'fullwidth',thumbw:\"50\",mh:\"0\"});if (window.RS_MODULES!==undefined && window.RS_MODULES.modules!==undefined && window.RS_MODULES.modules[\"revslider231\"]!==undefined) {window.RS_MODULES.modules[\"revslider231\"].once = false;window.revapi23 = undefined;if (window.RS_MODULES.checkMinimal!==undefined) window.RS_MODULES.checkMinimal()}\n\t\t\t\t<\/script>\n\t\t\t<\/rs-module-wrap>\n\t\t\t<!-- END REVOLUTION SLIDER -->\n\n","protected":false},"excerpt":{"rendered":"","protected":false},"author":1,"featured_media":0,"parent":0,"menu_order":0,"comment_status":"closed","ping_status":"closed","template":"templates\/template-full.php","meta":{"footnotes":""},"class_list":["post-148","page","type-page","status-publish","hentry"],"_links":{"self":[{"href":"https:\/\/www.karzo.sk\/index.php?rest_route=\/wp\/v2\/pages\/148"}],"collection":[{"href":"https:\/\/www.karzo.sk\/index.php?rest_route=\/wp\/v2\/pages"}],"about":[{"href":"https:\/\/www.karzo.sk\/index.php?rest_route=\/wp\/v2\/types\/page"}],"author":[{"embeddable":true,"href":"https:\/\/www.karzo.sk\/index.php?rest_route=\/wp\/v2\/users\/1"}],"replies":[{"embeddable":true,"href":"https:\/\/www.karzo.sk\/index.php?rest_route=%2Fwp%2Fv2%2Fcomments&post=148"}],"version-history":[{"count":3,"href":"https:\/\/www.karzo.sk\/index.php?rest_route=\/wp\/v2\/pages\/148\/revisions"}],"predecessor-version":[{"id":413,"href":"https:\/\/www.karzo.sk\/index.php?rest_route=\/wp\/v2\/pages\/148\/revisions\/413"}],"wp:attachment":[{"href":"https:\/\/www.karzo.sk\/index.php?rest_route=%2Fwp%2Fv2%2Fmedia&parent=148"}],"curies":[{"name":"wp","href":"https:\/\/api.w.org\/{rel}","templated":true}]}}